{"id":8,"date":"2025-02-21T14:53:35","date_gmt":"2025-02-21T14:53:35","guid":{"rendered":"https:\/\/wedding.stromfy.com\/?page_id=8"},"modified":"2025-03-29T16:43:36","modified_gmt":"2025-03-29T16:43:36","slug":"wedding","status":"publish","type":"page","link":"https:\/\/wedding.stromfy.com\/fr\/","title":{"rendered":"Wedding"},"content":{"rendered":"<div data-elementor-type=\"wp-page\" data-elementor-id=\"8\" class=\"elementor elementor-8\" data-elementor-post-type=\"page\">\n\t\t\t\t<div class=\"elementor-element elementor-element-2aa18c7 e-flex e-con-boxed e-con e-parent\" data-id=\"2aa18c7\" data-element_type=\"container\" data-settings=\"{&quot;background_background&quot;:&quot;classic&quot;}\">\n\t\t\t\t\t<div class=\"e-con-inner\">\n\t\t\t\t<div class=\"elementor-element elementor-element-c79d5fc animated-slow elementor-view-default elementor-invisible elementor-widget elementor-widget-icon\" data-id=\"c79d5fc\" data-element_type=\"widget\" data-settings=\"{&quot;_animation&quot;:&quot;fadeIn&quot;,&quot;_animation_delay&quot;:500}\" data-widget_type=\"icon.default\">\n\t\t\t\t<div class=\"elementor-widget-container\">\n\t\t\t\t\t\t\t<div class=\"elementor-icon-wrapper\">\n\t\t\t<div class=\"elementor-icon\">\n\t\t\t<svg xmlns=\"http:\/\/www.w3.org\/2000\/svg\" id=\"Calque_1\" data-name=\"Calque 1\" viewbox=\"0 0 135.59 116.59\"><path d=\"M125.6,64.98c-3.66-4.58-8.48-7.52-14.48-8.85,5.05-1.7,9.03-4.52,11.93-8.46,2.9-3.94,4.35-8.58,4.35-13.92,0-8.88-2.86-15.6-8.57-20.15-5.71-4.56-14.09-6.84-25.13-6.84h-33.48l-22.16,37.67L12.05,6.75h-7.54v103.09h8.71v-45.17l-.71-45.38,22.23,37.24h6.73l21.79-36.62,3.06-5.38,27.38-.41c8.35,0,14.6,1.57,18.73,4.72,4.13,3.15,6.2,8.03,6.2,14.65s-1.99,11.08-5.98,14.36c-3.99,3.29-9.62,5-16.89,5.14h-32.5v3.62l-.13,8.35v44.89h34.61c10.48,0,18.66-2.56,24.53-7.68,5.88-5.12,8.81-12.23,8.81-21.33,0-5.99-1.83-11.27-5.49-15.85ZM115.83,96.79c-4.37,3.79-10.28,5.69-17.74,5.69h-26.12v-42.13h26.83c7.36,0,13.13,1.85,17.31,5.55,4.18,3.7,6.27,8.73,6.27,15.09,0,6.74-2.18,12-6.55,15.8Z\"><\/path><\/svg>\t\t\t<\/div>\n\t\t<\/div>\n\t\t\t\t\t\t<\/div>\n\t\t\t\t<\/div>\n\t\t\t\t<div class=\"elementor-element elementor-element-2203a1a elementor-widget-mobile__width-initial animated-slow elementor-invisible elementor-widget elementor-widget-heading\" data-id=\"2203a1a\" data-element_type=\"widget\" data-settings=\"{&quot;_animation&quot;:&quot;fadeIn&quot;,&quot;_animation_delay&quot;:1000}\" data-widget_type=\"heading.default\">\n\t\t\t\t<div class=\"elementor-widget-container\">\n\t\t\t\t\t<h2 class=\"elementor-heading-title elementor-size-default\">Rejoignez-nous pour \n<br>cette journ\u00e9e inoubliable<\/h2>\t\t\t\t<\/div>\n\t\t\t\t<\/div>\n\t\t\t\t<div class=\"elementor-element elementor-element-9a80ea1 animated-slow elementor-view-default elementor-invisible elementor-widget elementor-widget-icon\" data-id=\"9a80ea1\" data-element_type=\"widget\" data-settings=\"{&quot;_animation_mobile&quot;:&quot;fadeIn&quot;,&quot;_animation&quot;:&quot;pulse&quot;,&quot;_animation_delay&quot;:3000}\" data-widget_type=\"icon.default\">\n\t\t\t\t<div class=\"elementor-widget-container\">\n\t\t\t\t\t\t\t<div class=\"elementor-icon-wrapper\">\n\t\t\t<a class=\"elementor-icon\" href=\"#2\">\n\t\t\t<svg aria-hidden=\"true\" class=\"e-font-icon-svg e-fas-caret-down\" viewbox=\"0 0 320 512\" xmlns=\"http:\/\/www.w3.org\/2000\/svg\"><path d=\"M31.3 192h257.3c17.8 0 26.7 21.5 14.1 34.1L174.1 354.8c-7.8 7.8-20.5 7.8-28.3 0L17.2 226.1C4.6 213.5 13.5 192 31.3 192z\"><\/path><\/svg>\t\t\t<\/a>\n\t\t<\/div>\n\t\t\t\t\t\t<\/div>\n\t\t\t\t<\/div>\n\t\t\t\t\t<\/div>\n\t\t\t\t<\/div>\n\t\t<div class=\"elementor-element elementor-element-40bcce4 e-con-full e-flex e-con e-parent\" data-id=\"40bcce4\" data-element_type=\"container\" id=\"2\">\n\t\t<div class=\"elementor-element elementor-element-3e7b9da e-con-full e-flex e-con e-child\" data-id=\"3e7b9da\" data-element_type=\"container\">\n\t\t<div class=\"elementor-element elementor-element-e67811a e-con-full e-flex e-con e-child\" data-id=\"e67811a\" data-element_type=\"container\">\n\t\t\t\t<div class=\"elementor-element elementor-element-5c3eb60 elementor-widget elementor-widget-heading\" data-id=\"5c3eb60\" data-element_type=\"widget\" data-widget_type=\"heading.default\">\n\t\t\t\t<div class=\"elementor-widget-container\">\n\t\t\t\t\t<h2 class=\"elementor-heading-title elementor-size-default\">Nous avons con\u00e7u une application sp\u00e9cialement pour l\u2019occasion.<\/h2>\t\t\t\t<\/div>\n\t\t\t\t<\/div>\n\t\t\t\t<div class=\"elementor-element elementor-element-80b7957 elementor-widget elementor-widget-text-editor\" data-id=\"80b7957\" data-element_type=\"widget\" data-widget_type=\"text-editor.default\">\n\t\t\t\t<div class=\"elementor-widget-container\">\n\t\t\t\t\t\t\t\t\t<p>Gr\u00e2ce \u00e0 une \u00e9quipe formidable et \u00e0 des amis incroyables, nous avons d\u00e9velopp\u00e9 l\u2019application parfaite pour notre mariage. Elle vous permet d\u2019acc\u00e9der \u00e0 votre invitation, de partager vos r\u00e9actions, de confirmer votre pr\u00e9sence et, surtout, de vivre et partager chaque instant de la f\u00eate en direct. Prenez vos photos directement depuis l\u2019application pour \u00eatre s\u00fbr\u00b7e de ne rien manquer. On a h\u00e2te de c\u00e9l\u00e9brer cette journ\u00e9e unique avec vous !<\/p>\t\t\t\t\t\t\t\t<\/div>\n\t\t\t\t<\/div>\n\t\t\t\t<div class=\"elementor-element elementor-element-7647f48 elementor-widget elementor-widget-image\" data-id=\"7647f48\" data-element_type=\"widget\" data-widget_type=\"image.default\">\n\t\t\t\t<div class=\"elementor-widget-container\">\n\t\t\t\t\t\t\t\t\t\t\t\t\t\t\t<img fetchpriority=\"high\" decoding=\"async\" width=\"800\" height=\"986\" src=\"https:\/\/wedding.stromfy.com\/wp-content\/uploads\/2025\/02\/Free_Iphone_15_Mockup_5-1-e1740154462237-831x1024.png\" class=\"attachment-large size-large wp-image-137\" alt=\"\" srcset=\"https:\/\/wedding.stromfy.com\/wp-content\/uploads\/2025\/02\/Free_Iphone_15_Mockup_5-1-e1740154462237-831x1024.png 831w, https:\/\/wedding.stromfy.com\/wp-content\/uploads\/2025\/02\/Free_Iphone_15_Mockup_5-1-e1740154462237-243x300.png 243w, https:\/\/wedding.stromfy.com\/wp-content\/uploads\/2025\/02\/Free_Iphone_15_Mockup_5-1-e1740154462237-768x947.png 768w, https:\/\/wedding.stromfy.com\/wp-content\/uploads\/2025\/02\/Free_Iphone_15_Mockup_5-1-e1740154462237-1246x1536.png 1246w, https:\/\/wedding.stromfy.com\/wp-content\/uploads\/2025\/02\/Free_Iphone_15_Mockup_5-1-e1740154462237-1662x2048.png 1662w, https:\/\/wedding.stromfy.com\/wp-content\/uploads\/2025\/02\/Free_Iphone_15_Mockup_5-1-e1740154462237.png 1893w\" sizes=\"(max-width: 800px) 100vw, 800px\" \/>\t\t\t\t\t\t\t\t\t\t\t\t\t\t\t<\/div>\n\t\t\t\t<\/div>\n\t\t\t\t<\/div>\n\t\t\t\t<\/div>\n\t\t<div class=\"elementor-element elementor-element-cef75d6 e-con-full e-flex e-con e-child\" data-id=\"cef75d6\" data-element_type=\"container\">\n\t\t\t\t<div class=\"elementor-element elementor-element-c22acd9 elementor-widget elementor-widget-heading\" data-id=\"c22acd9\" data-element_type=\"widget\" data-widget_type=\"heading.default\">\n\t\t\t\t<div class=\"elementor-widget-container\">\n\t\t\t\t\t<h2 class=\"elementor-heading-title elementor-size-default\">\u00c9tape 1 : T\u00e9l\u00e9chargez TestFlight<\/h2>\t\t\t\t<\/div>\n\t\t\t\t<\/div>\n\t\t\t\t<div class=\"elementor-element elementor-element-c370faa elementor-widget elementor-widget-text-editor\" data-id=\"c370faa\" data-element_type=\"widget\" data-widget_type=\"text-editor.default\">\n\t\t\t\t<div class=\"elementor-widget-container\">\n\t\t\t\t\t\t\t\t\t<p>N\u2019oubliez pas de revenir sur cette page apr\u00e8s avoir install\u00e9 TestFlight, sinon vous ne pourrez pas installer notre application.<\/p>\t\t\t\t\t\t\t\t<\/div>\n\t\t\t\t<\/div>\n\t\t<div class=\"elementor-element elementor-element-26d92c2 e-con-full e-flex e-con e-child\" data-id=\"26d92c2\" data-element_type=\"container\">\n\t\t\t\t<div class=\"elementor-element elementor-element-0a022d7 warning-link elementor-widget elementor-widget-image\" data-id=\"0a022d7\" data-element_type=\"widget\" data-widget_type=\"image.default\">\n\t\t\t\t<div class=\"elementor-widget-container\">\n\t\t\t\t\t\t\t\t\t\t\t\t\t\t\t\t<a href=\"https:\/\/apps.apple.com\/us\/app\/testflight\/id899247664\">\n\t\t\t\t\t\t\t<img decoding=\"async\" width=\"460\" height=\"460\" src=\"https:\/\/wedding.stromfy.com\/wp-content\/uploads\/2025\/03\/460x0w.webp\" class=\"attachment-large size-large wp-image-180\" alt=\"\" srcset=\"https:\/\/wedding.stromfy.com\/wp-content\/uploads\/2025\/03\/460x0w.webp 460w, https:\/\/wedding.stromfy.com\/wp-content\/uploads\/2025\/03\/460x0w-300x300.webp 300w, https:\/\/wedding.stromfy.com\/wp-content\/uploads\/2025\/03\/460x0w-150x150.webp 150w\" sizes=\"(max-width: 460px) 100vw, 460px\" \/>\t\t\t\t\t\t\t\t<\/a>\n\t\t\t\t\t\t\t\t\t\t\t\t\t\t\t<\/div>\n\t\t\t\t<\/div>\n\t\t\t\t<div class=\"elementor-element elementor-element-e1cc2a9 elementor-mobile-align-center warning-link elementor-align-left elementor-widget__width-inherit elementor-widget elementor-widget-button\" data-id=\"e1cc2a9\" data-element_type=\"widget\" data-widget_type=\"button.default\">\n\t\t\t\t<div class=\"elementor-widget-container\">\n\t\t\t\t\t\t\t\t\t<div class=\"elementor-button-wrapper\">\n\t\t\t\t\t<a class=\"elementor-button elementor-button-link elementor-size-sm elementor-animation-grow\" href=\"https:\/\/apps.apple.com\/us\/app\/testflight\/id899247664\">\n\t\t\t\t\t\t<span class=\"elementor-button-content-wrapper\">\n\t\t\t\t\t\t\t\t\t<span class=\"elementor-button-text\">Installer<\/span>\n\t\t\t\t\t<\/span>\n\t\t\t\t\t<\/a>\n\t\t\t\t<\/div>\n\t\t\t\t\t\t\t\t<\/div>\n\t\t\t\t<\/div>\n\t\t\t\t<\/div>\n\t\t\t\t<div class=\"elementor-element elementor-element-6a734e9 elementor-widget elementor-widget-heading\" data-id=\"6a734e9\" data-element_type=\"widget\" data-widget_type=\"heading.default\">\n\t\t\t\t<div class=\"elementor-widget-container\">\n\t\t\t\t\t<h2 class=\"elementor-heading-title elementor-size-default\">\u00c9tape 2 : Installez notre application<\/h2>\t\t\t\t<\/div>\n\t\t\t\t<\/div>\n\t\t\t\t<div class=\"elementor-element elementor-element-5eb4a46 elementor-widget elementor-widget-text-editor\" data-id=\"5eb4a46\" data-element_type=\"widget\" data-widget_type=\"text-editor.default\">\n\t\t\t\t<div class=\"elementor-widget-container\">\n\t\t\t\t\t\t\t\t\t<p>Vous y \u00eates presque ! Il ne vous reste plus qu\u2019\u00e0 installer Wedlink, l\u2019application cr\u00e9\u00e9e sp\u00e9cialement pour notre mariage.<\/p>\t\t\t\t\t\t\t\t<\/div>\n\t\t\t\t<\/div>\n\t\t<div class=\"elementor-element elementor-element-1e0b845 e-con-full e-flex e-con e-child\" data-id=\"1e0b845\" data-element_type=\"container\">\n\t\t\t\t<div class=\"elementor-element elementor-element-3872b59 elementor-widget__width-inherit elementor-widget elementor-widget-image\" data-id=\"3872b59\" data-element_type=\"widget\" data-widget_type=\"image.default\">\n\t\t\t\t<div class=\"elementor-widget-container\">\n\t\t\t\t\t\t\t\t\t\t\t\t\t\t\t\t<a href=\"https:\/\/testflight.apple.com\/join\/wWxqpKS3\">\n\t\t\t\t\t\t\t<img decoding=\"async\" width=\"800\" height=\"800\" src=\"https:\/\/wedding.stromfy.com\/wp-content\/uploads\/2025\/03\/WEDDLINK1024x1024@1x.png\" class=\"attachment-large size-large wp-image-185\" alt=\"\" srcset=\"https:\/\/wedding.stromfy.com\/wp-content\/uploads\/2025\/03\/WEDDLINK1024x1024@1x.png 1024w, https:\/\/wedding.stromfy.com\/wp-content\/uploads\/2025\/03\/WEDDLINK1024x1024@1x-300x300.png 300w, https:\/\/wedding.stromfy.com\/wp-content\/uploads\/2025\/03\/WEDDLINK1024x1024@1x-150x150.png 150w, https:\/\/wedding.stromfy.com\/wp-content\/uploads\/2025\/03\/WEDDLINK1024x1024@1x-768x768.png 768w\" sizes=\"(max-width: 800px) 100vw, 800px\" \/>\t\t\t\t\t\t\t\t<\/a>\n\t\t\t\t\t\t\t\t\t\t\t\t\t\t\t<\/div>\n\t\t\t\t<\/div>\n\t\t\t\t<div class=\"elementor-element elementor-element-dc6ebbe elementor-align-left elementor-mobile-align-center elementor-widget__width-inherit elementor-widget elementor-widget-button\" data-id=\"dc6ebbe\" data-element_type=\"widget\" data-widget_type=\"button.default\">\n\t\t\t\t<div class=\"elementor-widget-container\">\n\t\t\t\t\t\t\t\t\t<div class=\"elementor-button-wrapper\">\n\t\t\t\t\t<a class=\"elementor-button elementor-button-link elementor-size-sm elementor-animation-grow\" href=\"https:\/\/testflight.apple.com\/join\/wWxqpKS3\">\n\t\t\t\t\t\t<span class=\"elementor-button-content-wrapper\">\n\t\t\t\t\t\t\t\t\t<span class=\"elementor-button-text\">Installer<\/span>\n\t\t\t\t\t<\/span>\n\t\t\t\t\t<\/a>\n\t\t\t\t<\/div>\n\t\t\t\t\t\t\t\t<\/div>\n\t\t\t\t<\/div>\n\t\t\t\t<\/div>\n\t\t\t\t<\/div>\n\t\t\t\t<\/div>\n\t\t\t\t<\/div>","protected":false},"excerpt":{"rendered":"<p>Join us on our special day We have designed an app for the occasion. Thanks to an incredible team and amazing friends, we have developed the perfect wedding app. With this app, you can access your invitation, share your reactions, confirm your attendance, and, most importantly, capture and share the celebration live. Take your photos [&hellip;]<\/p>","protected":false},"author":1,"featured_media":0,"parent":0,"menu_order":0,"comment_status":"closed","ping_status":"closed","template":"elementor_canvas","meta":{"footnotes":""},"class_list":["post-8","page","type-page","status-publish","hentry"],"_links":{"self":[{"href":"https:\/\/wedding.stromfy.com\/fr\/wp-json\/wp\/v2\/pages\/8","targetHints":{"allow":["GET"]}}],"collection":[{"href":"https:\/\/wedding.stromfy.com\/fr\/wp-json\/wp\/v2\/pages"}],"about":[{"href":"https:\/\/wedding.stromfy.com\/fr\/wp-json\/wp\/v2\/types\/page"}],"author":[{"embeddable":true,"href":"https:\/\/wedding.stromfy.com\/fr\/wp-json\/wp\/v2\/users\/1"}],"replies":[{"embeddable":true,"href":"https:\/\/wedding.stromfy.com\/fr\/wp-json\/wp\/v2\/comments?post=8"}],"version-history":[{"count":213,"href":"https:\/\/wedding.stromfy.com\/fr\/wp-json\/wp\/v2\/pages\/8\/revisions"}],"predecessor-version":[{"id":290,"href":"https:\/\/wedding.stromfy.com\/fr\/wp-json\/wp\/v2\/pages\/8\/revisions\/290"}],"wp:attachment":[{"href":"https:\/\/wedding.stromfy.com\/fr\/wp-json\/wp\/v2\/media?parent=8"}],"curies":[{"name":"wp","href":"https:\/\/api.w.org\/{rel}","templated":true}]}}